{"id":3615,"date":"2024-02-12T09:22:47","date_gmt":"2024-02-12T09:22:47","guid":{"rendered":"https:\/\/dev.kodesolution.com\/transtex\/?page_id=3615"},"modified":"2025-02-03T08:44:16","modified_gmt":"2025-02-03T08:44:16","slug":"hakkimizda","status":"publish","type":"page","link":"https:\/\/www.arialuminyum.com.tr\/index.php\/hakkimizda\/","title":{"rendered":"Hakk\u0131m\u0131zda"},"content":{"rendered":"\t\t<div data-elementor-type=\"wp-page\" data-elementor-id=\"3615\" class=\"elementor elementor-3615\" data-elementor-post-type=\"page\">\n\t\t\t\t<div class=\"elementor-element elementor-element-c75543f e-flex e-con-boxed tm-col-stretched-none tm-bg-color-over-image e-con e-parent\" data-id=\"c75543f\" data-element_type=\"container\" data-e-type=\"container\">\n\t\t\t\t\t<div class=\"e-con-inner\">\n\t\t<div class=\"elementor-element elementor-element-8057564 e-con-full e-flex tm-col-stretched-none tm-bg-color-over-image e-con e-child\" data-id=\"8057564\" data-element_type=\"container\" data-e-type=\"container\">\n\t\t<div class=\"elementor-element elementor-element-23e4b1c e-con-full e-flex tm-col-stretched-none tm-bg-color-over-image e-con e-child\" data-id=\"23e4b1c\" data-element_type=\"container\" data-e-type=\"container\">\n\t\t\t\t<div class=\"elementor-element elementor-element-e6181d1 elementor-widget elementor-widget-tm-ele-text-editor\" data-id=\"e6181d1\" data-element_type=\"widget\" data-e-type=\"widget\" data-widget_type=\"tm-ele-text-editor.default\">\n\t\t\t\t<div class=\"elementor-widget-container\">\n\t\t\t\t\t\t\t<div class=\"tm-text-editor\">\r\n\t\t<p><strong>Ari Al\u00fcminyum<\/strong>, al\u00fcminyum sekt\u00f6r\u00fcnde kalite, yenilik\u00e7ilik ve m\u00fc\u015fteri memnuniyetini temel alan bir firma olarak, sekt\u00f6rdeki deneyimini her ge\u00e7en g\u00fcn b\u00fcy\u00fcterek yoluna devam etmektedir. Firmam\u0131z, al\u00fcminyumun sundu\u011fu sonsuz potansiyeli kullanarak, hem yerel hem de uluslararas\u0131 pazarlarda \u00f6nc\u00fc bir marka olma hedefiyle kurulmu\u015ftur.<\/p><h3>Biz Kimiz?<\/h3><p>Ari Al\u00fcminyum, al\u00fcminyum profil, mimari sistemler, end\u00fcstriyel uygulamalar ve \u00f6zel projeler gibi geni\u015f bir yelpazede hizmet veren uzman bir ekibe sahiptir. Y\u0131llar\u0131n getirdi\u011fi deneyim ve sekt\u00f6rel bilgi birikimiyle, m\u00fc\u015fterilerimize en kaliteli \u00fcr\u00fcnleri sunmay\u0131 ve onlar\u0131n beklentilerini her zaman a\u015fmay\u0131 ilke edindik.<\/p><h3>Ne Yap\u0131yoruz?<\/h3><p>Firmam\u0131z, al\u00fcminyumun hafiflik, dayan\u0131kl\u0131l\u0131k, estetik ve \u00e7evre dostu \u00f6zelliklerini kullanarak, mimari projelerden end\u00fcstriyel \u00e7\u00f6z\u00fcmlere kadar bir\u00e7ok alanda hizmet vermektedir. \u00d6zellikle in\u015faat sekt\u00f6r\u00fcnde kullan\u0131lan al\u00fcminyum sistemler, enerji verimlili\u011fi sa\u011flayan \u00e7\u00f6z\u00fcmler ve \u00f6zel tasar\u0131m projeleriyle m\u00fc\u015fterilerimize de\u011fer kat\u0131yoruz. Ayr\u0131ca, al\u00fcminyumun geri d\u00f6n\u00fc\u015ft\u00fcr\u00fclebilir olmas\u0131 nedeniyle, s\u00fcrd\u00fcr\u00fclebilir bir gelecek i\u00e7in \u00e7evreye duyarl\u0131 \u00fcretim s\u00fcre\u00e7lerini benimsiyoruz.<\/p><h3>Neden Biz?<\/h3><ul><li><p><strong>Kalite:<\/strong><span>\u00a0<\/span>\u00dcr\u00fcnlerimizde ve hizmetlerimizde en y\u00fcksek kalite standartlar\u0131n\u0131 sa\u011fl\u0131yoruz.<\/p><\/li><li><p><strong>Yenilik\u00e7i Yakla\u015f\u0131m:<\/strong><span>\u00a0<\/span>Teknolojik geli\u015fmeleri yak\u0131ndan takip ederek, sekt\u00f6re \u00f6nc\u00fc \u00e7\u00f6z\u00fcmler sunuyoruz.<\/p><\/li><li><p><strong>M\u00fc\u015fteri Odakl\u0131l\u0131k:<\/strong><span>\u00a0<\/span>M\u00fc\u015fterilerimizin ihtiya\u00e7lar\u0131n\u0131 anlamak ve onlara \u00f6zel \u00e7\u00f6z\u00fcmler \u00fcretmek temel prensibimizdir.<\/p><\/li><li><p><strong>Uzman Ekip:<\/strong><span>\u00a0<\/span>Alan\u0131nda uzman ve deneyimli kadromuzla, her projeye \u00f6zel \u00e7\u00f6z\u00fcmler geli\u015ftiriyoruz.<\/p><\/li><li><p><strong>S\u00fcrd\u00fcr\u00fclebilirlik:<\/strong><span>\u00a0<\/span>\u00c7evreye duyarl\u0131 \u00fcretim s\u00fcre\u00e7leriyle, gelecek nesillere daha ya\u015fanabilir bir d\u00fcnya b\u0131rakmay\u0131 hedefliyoruz.<\/p><\/li><\/ul><h3>Misyonumuz<\/h3><p>Misyonumuz, al\u00fcminyumun sundu\u011fu avantajlar\u0131 en iyi \u015fekilde kullanarak, m\u00fc\u015fterilerimize kaliteli, estetik ve fonksiyonel \u00e7\u00f6z\u00fcmler sunmakt\u0131r. Bu do\u011frultuda, s\u00fcrekli geli\u015fen bir anlay\u0131\u015fla, sekt\u00f6rdeki standartlar\u0131 y\u00fckseltmeyi ve m\u00fc\u015fteri memnuniyetini her zaman \u00f6n planda tutmay\u0131 ama\u00e7l\u0131yoruz.<\/p><h3>Vizyonumuz<\/h3><p>Vizyonumuz, al\u00fcminyum sekt\u00f6r\u00fcnde k\u00fcresel bir marka olmak ve d\u00fcnya \u00e7ap\u0131nda tan\u0131nan, g\u00fcvenilir bir firma haline gelmektir. S\u00fcrd\u00fcr\u00fclebilir \u00fcretim teknikleriyle \u00e7evreye duyarl\u0131, teknolojik yeniliklerle donat\u0131lm\u0131\u015f ve estetik de\u011feri y\u00fcksek \u00fcr\u00fcnler sunarak, sekt\u00f6rdeki liderli\u011fimizi peki\u015ftirmeyi hedefliyoruz.<\/p><h3>De\u011ferlerimiz<\/h3><ul><li><p><strong>Kalite:<\/strong><span>\u00a0<\/span>Her zaman en iyisini sunmak i\u00e7in \u00e7al\u0131\u015f\u0131yoruz.<\/p><\/li><li><p><strong>G\u00fcvenilirlik:<\/strong><span>\u00a0<\/span>\u0130\u015f ahlak\u0131na ba\u011fl\u0131, \u015feffaf ve g\u00fcvenilir bir firma olarak \u00e7al\u0131\u015fmalar\u0131m\u0131z\u0131 s\u00fcrd\u00fcr\u00fcyoruz.<\/p><\/li><li><p><strong>Yenilik\u00e7ilik:<\/strong><span>\u00a0<\/span>Teknolojik geli\u015fmeleri takip ederek, sekt\u00f6re \u00f6nc\u00fc \u00e7\u00f6z\u00fcmler sunuyoruz.<\/p><\/li><li><p><strong>M\u00fc\u015fteri Memnuniyeti:<\/strong><span>\u00a0<\/span>M\u00fc\u015fterilerimizin beklentilerini a\u015fan \u00e7\u00f6z\u00fcmler \u00fcretmek temel hedefimizdir.<\/p><\/li><li><p><strong>S\u00fcrd\u00fcr\u00fclebilirlik:<\/strong><span>\u00a0<\/span>\u00c7evreye duyarl\u0131 \u00fcretim s\u00fcre\u00e7leriyle, gelecek nesillere daha ya\u015fanabilir bir d\u00fcnya b\u0131rakmay\u0131 hedefliyoruz.<\/p><\/li><\/ul><h3>Bize Ula\u015f\u0131n<\/h3><p>Ari Al\u00fcminyum olarak, her t\u00fcrl\u00fc projenizde yan\u0131n\u0131zday\u0131z. Siz de al\u00fcminyumun sundu\u011fu avantajlardan yararlanmak ve kaliteli \u00e7\u00f6z\u00fcmlerle tan\u0131\u015fmak isterseniz, bizimle ileti\u015fime ge\u00e7mekten \u00e7ekinmeyin. Sizinle birlikte, gelece\u011fi \u015fekillendirelim!<\/p>\t\t<\/div>\r\n\t\t\t\t\t<\/div>\n\t\t\t\t<\/div>\n\t\t<div class=\"elementor-element elementor-element-41183ff e-con-full e-flex tm-col-stretched-none tm-bg-color-over-image e-con e-child\" data-id=\"41183ff\" data-element_type=\"container\" data-e-type=\"container\">\n\t\t\t\t<\/div>\n\t\t\t\t<\/div>\n\t\t\t\t<\/div>\n\t\t\t\t\t<\/div>\n\t\t\t\t<\/div>\n\t\t\t\t<\/div>\n\t\t","protected":false},"excerpt":{"rendered":"<p>Ari Al\u00fcminyum, al\u00fcminyum sekt\u00f6r\u00fcnde kalite, yenilik\u00e7ilik ve m\u00fc\u015fteri memnuniyetini temel alan bir firma olarak, sekt\u00f6rdeki deneyimini her ge\u00e7en g\u00fcn b\u00fcy\u00fcterek&#8230;<\/p>\n","protected":false},"author":1,"featured_media":0,"parent":0,"menu_order":0,"comment_status":"closed","ping_status":"closed","template":"","meta":{"footnotes":""},"class_list":["post-3615","page","type-page","status-publish","hentry"],"_links":{"self":[{"href":"https:\/\/www.arialuminyum.com.tr\/index.php\/wp-json\/wp\/v2\/pages\/3615","targetHints":{"allow":["GET"]}}],"collection":[{"href":"https:\/\/www.arialuminyum.com.tr\/index.php\/wp-json\/wp\/v2\/pages"}],"about":[{"href":"https:\/\/www.arialuminyum.com.tr\/index.php\/wp-json\/wp\/v2\/types\/page"}],"author":[{"embeddable":true,"href":"https:\/\/www.arialuminyum.com.tr\/index.php\/wp-json\/wp\/v2\/users\/1"}],"replies":[{"embeddable":true,"href":"https:\/\/www.arialuminyum.com.tr\/index.php\/wp-json\/wp\/v2\/comments?post=3615"}],"version-history":[{"count":17,"href":"https:\/\/www.arialuminyum.com.tr\/index.php\/wp-json\/wp\/v2\/pages\/3615\/revisions"}],"predecessor-version":[{"id":19891,"href":"https:\/\/www.arialuminyum.com.tr\/index.php\/wp-json\/wp\/v2\/pages\/3615\/revisions\/19891"}],"wp:attachment":[{"href":"https:\/\/www.arialuminyum.com.tr\/index.php\/wp-json\/wp\/v2\/media?parent=3615"}],"curies":[{"name":"wp","href":"https:\/\/api.w.org\/{rel}","templated":true}]}}