{"id":20023,"date":"2025-03-07T08:33:50","date_gmt":"2025-03-07T08:33:50","guid":{"rendered":"https:\/\/www.arialuminyum.com.tr\/?page_id=20023"},"modified":"2025-03-07T08:33:51","modified_gmt":"2025-03-07T08:33:51","slug":"ik-stratejimiz","status":"publish","type":"page","link":"https:\/\/www.arialuminyum.com.tr\/index.php\/ik-stratejimiz\/","title":{"rendered":"\u0130k Stratejimiz"},"content":{"rendered":"\t\t<div data-elementor-type=\"wp-page\" data-elementor-id=\"20023\" class=\"elementor elementor-20023\" data-elementor-post-type=\"page\">\n\t\t\t\t<div class=\"elementor-element elementor-element-7a743fa e-flex e-con-boxed tm-col-stretched-none tm-bg-color-over-image e-con e-parent\" data-id=\"7a743fa\" data-element_type=\"container\" data-e-type=\"container\">\n\t\t\t\t\t<div class=\"e-con-inner\">\n\t\t<div class=\"elementor-element elementor-element-0d69953 e-flex e-con-boxed tm-col-stretched-none tm-bg-color-over-image e-con e-child\" data-id=\"0d69953\" data-element_type=\"container\" data-e-type=\"container\">\n\t\t\t\t\t<div class=\"e-con-inner\">\n\t\t<div class=\"elementor-element elementor-element-16b8ef9 tm-col-stretched-none e-con-full e-flex tm-bg-color-over-image e-con e-child\" data-id=\"16b8ef9\" data-element_type=\"container\" data-e-type=\"container\">\n\t\t\t\t<div class=\"elementor-element elementor-element-473acef elementor-widget elementor-widget-tm-ele-text-editor\" data-id=\"473acef\" data-element_type=\"widget\" data-e-type=\"widget\" data-widget_type=\"tm-ele-text-editor.default\">\n\t\t\t\t<div class=\"elementor-widget-container\">\n\t\t\t\t\t\t\t<div class=\"tm-text-editor\">\r\n\t\t<div class=\"zn_text_box eluide9a5d9cd zn_text_box-light element-scheme--light\"><p>\u015eirketimiz her zaman tercih edilen bir i\u015fveren olma hedefi do\u011frultusunda kar\u015f\u0131l\u0131kl\u0131 g\u00fcven ve sayg\u0131n\u0131n bulundu\u011fu ve t\u00fcm \u00e7al\u0131\u015fanlar\u0131n\u0131n en iyiyi ba\u015farmak i\u00e7in \u00e7aba sarf etti\u011fi bir kurumdur.<\/p><p>\u015eirketimizin ilk ve temel yakla\u015f\u0131m\u0131, belirlemi\u015f oldu\u011fumuz hedeflerimizi ger\u00e7ekle\u015ftirmek \u00fczere personelimizin verimlili\u011fini uzun vadede s\u00fcrd\u00fcrebilmek amac\u0131 ile y\u00fcr\u00fctmekte olduklar\u0131 g\u00f6revlerde ba\u015far\u0131lar\u0131n\u0131 ve verimlerini verilen gerekli e\u011fitimlerle ve b\u00fcnyemizde ger\u00e7ekle\u015ftirilen t\u00fcm g\u00f6revler ile ilgili yasa ve kurallar\u0131 bilerek ve uygulayarak artt\u0131rmakt\u0131r.<\/p><p>\u015eirketimiz, \u00e7al\u0131\u015fma sistemi ve prensiplerini g\u00fcn\u00fcm\u00fcz de\u011fi\u015fimlerine entegre ederek, dil, din, \u0131rk, renk, ya\u015f,cinsiyet ayr\u0131m\u0131 yapmaks\u0131z\u0131n personel al\u0131mlar\u0131n\u0131 ger\u00e7ekle\u015ftirmekte ve \u00e7al\u0131\u015fanlar\u0131n\u0131n memnuniyetini m\u00fc\u015fteri memnuniyeti kadar \u00f6nemsemektedir.<\/p><\/div>\t\t<\/div>\r\n\t\t\t\t\t<\/div>\n\t\t\t\t<\/div>\n\t\t<div class=\"elementor-element elementor-element-42121ef e-flex e-con-boxed tm-col-stretched-none tm-bg-color-over-image e-con e-child\" data-id=\"42121ef\" data-element_type=\"container\" data-e-type=\"container\">\n\t\t\t\t\t<div class=\"e-con-inner\">\n\t\t\t\t\t<\/div>\n\t\t\t\t<\/div>\n\t\t\t\t<\/div>\n\t\t\t\t\t<\/div>\n\t\t\t\t<\/div>\n\t\t\t\t\t<\/div>\n\t\t\t\t<\/div>\n\t\t\t\t<\/div>\n\t\t","protected":false},"excerpt":{"rendered":"<p>\u015eirketimiz her zaman tercih edilen bir i\u015fveren olma hedefi do\u011frultusunda kar\u015f\u0131l\u0131kl\u0131 g\u00fcven ve sayg\u0131n\u0131n bulundu\u011fu ve t\u00fcm \u00e7al\u0131\u015fanlar\u0131n\u0131n en iyiyi&#8230;<\/p>\n","protected":false},"author":1,"featured_media":0,"parent":0,"menu_order":0,"comment_status":"closed","ping_status":"closed","template":"","meta":{"footnotes":""},"class_list":["post-20023","page","type-page","status-publish","hentry"],"_links":{"self":[{"href":"https:\/\/www.arialuminyum.com.tr\/index.php\/wp-json\/wp\/v2\/pages\/20023","targetHints":{"allow":["GET"]}}],"collection":[{"href":"https:\/\/www.arialuminyum.com.tr\/index.php\/wp-json\/wp\/v2\/pages"}],"about":[{"href":"https:\/\/www.arialuminyum.com.tr\/index.php\/wp-json\/wp\/v2\/types\/page"}],"author":[{"embeddable":true,"href":"https:\/\/www.arialuminyum.com.tr\/index.php\/wp-json\/wp\/v2\/users\/1"}],"replies":[{"embeddable":true,"href":"https:\/\/www.arialuminyum.com.tr\/index.php\/wp-json\/wp\/v2\/comments?post=20023"}],"version-history":[{"count":4,"href":"https:\/\/www.arialuminyum.com.tr\/index.php\/wp-json\/wp\/v2\/pages\/20023\/revisions"}],"predecessor-version":[{"id":20028,"href":"https:\/\/www.arialuminyum.com.tr\/index.php\/wp-json\/wp\/v2\/pages\/20023\/revisions\/20028"}],"wp:attachment":[{"href":"https:\/\/www.arialuminyum.com.tr\/index.php\/wp-json\/wp\/v2\/media?parent=20023"}],"curies":[{"name":"wp","href":"https:\/\/api.w.org\/{rel}","templated":true}]}}