{"id":19960,"date":"2025-03-07T07:42:26","date_gmt":"2025-03-07T07:42:26","guid":{"rendered":"https:\/\/www.arialuminyum.com.tr\/?page_id=19960"},"modified":"2025-03-07T07:43:06","modified_gmt":"2025-03-07T07:43:06","slug":"aluminyum-kosebent","status":"publish","type":"page","link":"https:\/\/www.arialuminyum.com.tr\/index.php\/aluminyum-kosebent\/","title":{"rendered":"Al\u00fcminyum K\u00f6\u015febent"},"content":{"rendered":"\t\t<div data-elementor-type=\"wp-page\" data-elementor-id=\"19960\" class=\"elementor elementor-19960\" data-elementor-post-type=\"page\">\n\t\t\t\t<div class=\"elementor-element elementor-element-7a743fa e-flex e-con-boxed tm-col-stretched-none tm-bg-color-over-image e-con e-parent\" data-id=\"7a743fa\" data-element_type=\"container\" data-e-type=\"container\">\n\t\t\t\t\t<div class=\"e-con-inner\">\n\t\t<div class=\"elementor-element elementor-element-0d69953 e-flex e-con-boxed tm-col-stretched-none tm-bg-color-over-image e-con e-child\" data-id=\"0d69953\" data-element_type=\"container\" data-e-type=\"container\">\n\t\t\t\t\t<div class=\"e-con-inner\">\n\t\t<div class=\"elementor-element elementor-element-141106c e-con-full e-flex tm-col-stretched-none tm-bg-color-over-image e-con e-child\" data-id=\"141106c\" data-element_type=\"container\" data-e-type=\"container\">\n\t\t\t\t<div class=\"elementor-element elementor-element-f17a0fd elementor-widget elementor-widget-tm-ele-navigation-menu\" data-id=\"f17a0fd\" data-element_type=\"widget\" data-e-type=\"widget\" data-widget_type=\"tm-ele-navigation-menu.default\">\n\t\t\t\t<div class=\"elementor-widget-container\">\n\t\t\t\t\t<div class=\"tm-sc-simple-nav-menu\"><ul id=\"menu-sol-menu\" class=\"\"><li id=\"menu-item-19915\" class=\"menu-item menu-item-type-post_type menu-item-object-page menu-item-19915\"><a href=\"https:\/\/www.arialuminyum.com.tr\/index.php\/aluminyum-levha-2\/\"><i class=\"tm-nav-arrow-icon fas fa-chevron-right\"><\/i>Al\u00fcminyum Levha<\/a><\/li>\n<li id=\"menu-item-19943\" class=\"menu-item menu-item-type-post_type menu-item-object-page menu-item-19943\"><a href=\"https:\/\/www.arialuminyum.com.tr\/index.php\/aluminyum-lama\/\"><i class=\"tm-nav-arrow-icon fas fa-chevron-right\"><\/i>Al\u00fcminyum Lama<\/a><\/li>\n<li id=\"menu-item-19974\" class=\"menu-item menu-item-type-post_type menu-item-object-page menu-item-19974\"><a href=\"https:\/\/www.arialuminyum.com.tr\/index.php\/aluminyum-kosebent\/\"><i class=\"tm-nav-arrow-icon fas fa-chevron-right\"><\/i>Al\u00fcminyum K\u00f6\u015febent<\/a><\/li>\n<li id=\"menu-item-19985\" class=\"menu-item menu-item-type-post_type menu-item-object-page menu-item-19985\"><a href=\"https:\/\/www.arialuminyum.com.tr\/index.php\/aluminyum-u-profil\/\"><i class=\"tm-nav-arrow-icon fas fa-chevron-right\"><\/i>Al\u00fcminyum U Profil<\/a><\/li>\n<li id=\"menu-item-19986\" class=\"menu-item menu-item-type-post_type menu-item-object-page menu-item-19986\"><a href=\"https:\/\/www.arialuminyum.com.tr\/index.php\/aluminyum-t-profil\/\"><i class=\"tm-nav-arrow-icon fas fa-chevron-right\"><\/i>Al\u00fcminyum T Profil<\/a><\/li>\n<li id=\"menu-item-19987\" class=\"menu-item menu-item-type-post_type menu-item-object-page menu-item-19987\"><a href=\"https:\/\/www.arialuminyum.com.tr\/index.php\/aluminyum-kare-kutu-profil\/\"><i class=\"tm-nav-arrow-icon fas fa-chevron-right\"><\/i>Al\u00fcminyum Kare Kutu Profil<\/a><\/li>\n<li id=\"menu-item-19988\" class=\"menu-item menu-item-type-post_type menu-item-object-page menu-item-19988\"><a href=\"https:\/\/www.arialuminyum.com.tr\/index.php\/aluminyum-cubuk\/\"><i class=\"tm-nav-arrow-icon fas fa-chevron-right\"><\/i>Al\u00fcminyum \u00c7ubuk<\/a><\/li>\n<li id=\"menu-item-19989\" class=\"menu-item menu-item-type-post_type menu-item-object-page menu-item-19989\"><a href=\"https:\/\/www.arialuminyum.com.tr\/index.php\/aluminyum-kosebent\/\"><i class=\"tm-nav-arrow-icon fas fa-chevron-right\"><\/i>Al\u00fcminyum K\u00f6\u015febent<\/a><\/li>\n<li id=\"menu-item-19990\" class=\"menu-item menu-item-type-post_type menu-item-object-page menu-item-19990\"><a href=\"https:\/\/www.arialuminyum.com.tr\/index.php\/aluminyum-boru-profil\/\"><i class=\"tm-nav-arrow-icon fas fa-chevron-right\"><\/i>Al\u00fcminyum Boru Profil<\/a><\/li>\n<\/ul><\/div>\t\t\t\t<\/div>\n\t\t\t\t<\/div>\n\t\t<div class=\"elementor-element elementor-element-8abf5ad e-con-full tm-col-stretched-none e-flex tm-bg-color-over-image e-con e-child\" data-id=\"8abf5ad\" data-element_type=\"container\" data-e-type=\"container\">\n\t\t\t\t<\/div>\n\t\t\t\t<\/div>\n\t\t<div class=\"elementor-element elementor-element-16b8ef9 tm-col-stretched-none e-con-full e-flex tm-bg-color-over-image e-con e-child\" data-id=\"16b8ef9\" data-element_type=\"container\" data-e-type=\"container\">\n\t\t\t\t<div class=\"elementor-element elementor-element-473acef elementor-widget elementor-widget-tm-ele-text-editor\" data-id=\"473acef\" data-element_type=\"widget\" data-e-type=\"widget\" data-widget_type=\"tm-ele-text-editor.default\">\n\t\t\t\t<div class=\"elementor-widget-container\">\n\t\t\t\t\t\t\t<div class=\"tm-text-editor\">\r\n\t\t<p>Standart Al\u00fcminyum Levha \u00fcr\u00fcnleri son kullan\u0131m alan\u0131na ba\u011fl\u0131 olarak D\u00fcz \u2013 Gofrajl\u0131\u2013\u00c7etal\u0131veya Baklaval\u0131 y\u00fczey \u00fcretilebilmektedir.<\/p><hr \/><p>Levhalar aras\u0131na k\u00e2\u011f\u0131t konulabilmekte ve istek do\u011frultusunda y\u00fczeylerine film kaplanabilmektedir.<\/p><hr \/><p>\u0130ste\u011fe ba\u011fl\u0131 olarak standartlar\u0131n d\u0131\u015f\u0131nda farkl\u0131 ala\u015f\u0131m ve boyutlarda levha \u00fcretilebilmektedir.<\/p>\t\t<\/div>\r\n\t\t\t\t\t<\/div>\n\t\t\t\t<\/div>\n\t\t<div class=\"elementor-element elementor-element-42121ef e-flex e-con-boxed tm-col-stretched-none tm-bg-color-over-image e-con e-child\" data-id=\"42121ef\" data-element_type=\"container\" data-e-type=\"container\">\n\t\t\t\t\t<div class=\"e-con-inner\">\n\t\t\t\t\t<\/div>\n\t\t\t\t<\/div>\n\t\t\t\t<\/div>\n\t\t\t\t\t<\/div>\n\t\t\t\t<\/div>\n\t\t\t\t\t<\/div>\n\t\t\t\t<\/div>\n\t\t\t\t<\/div>\n\t\t","protected":false},"excerpt":{"rendered":"<p>Al\u00fcminyum Levha Al\u00fcminyum Lama Standart Al\u00fcminyum Levha \u00fcr\u00fcnleri son kullan\u0131m alan\u0131na ba\u011fl\u0131 olarak D\u00fcz \u2013 Gofrajl\u0131\u2013\u00c7etal\u0131veya Baklaval\u0131 y\u00fczey \u00fcretilebilmektedir. Levhalar&#8230;<\/p>\n","protected":false},"author":1,"featured_media":0,"parent":0,"menu_order":0,"comment_status":"closed","ping_status":"closed","template":"","meta":{"footnotes":""},"class_list":["post-19960","page","type-page","status-publish","hentry"],"_links":{"self":[{"href":"https:\/\/www.arialuminyum.com.tr\/index.php\/wp-json\/wp\/v2\/pages\/19960","targetHints":{"allow":["GET"]}}],"collection":[{"href":"https:\/\/www.arialuminyum.com.tr\/index.php\/wp-json\/wp\/v2\/pages"}],"about":[{"href":"https:\/\/www.arialuminyum.com.tr\/index.php\/wp-json\/wp\/v2\/types\/page"}],"author":[{"embeddable":true,"href":"https:\/\/www.arialuminyum.com.tr\/index.php\/wp-json\/wp\/v2\/users\/1"}],"replies":[{"embeddable":true,"href":"https:\/\/www.arialuminyum.com.tr\/index.php\/wp-json\/wp\/v2\/comments?post=19960"}],"version-history":[{"count":4,"href":"https:\/\/www.arialuminyum.com.tr\/index.php\/wp-json\/wp\/v2\/pages\/19960\/revisions"}],"predecessor-version":[{"id":19965,"href":"https:\/\/www.arialuminyum.com.tr\/index.php\/wp-json\/wp\/v2\/pages\/19960\/revisions\/19965"}],"wp:attachment":[{"href":"https:\/\/www.arialuminyum.com.tr\/index.php\/wp-json\/wp\/v2\/media?parent=19960"}],"curies":[{"name":"wp","href":"https:\/\/api.w.org\/{rel}","templated":true}]}}