{"id":19934,"date":"2025-03-07T07:31:55","date_gmt":"2025-03-07T07:31:55","guid":{"rendered":"https:\/\/www.arialuminyum.com.tr\/?page_id=19934"},"modified":"2025-03-07T07:37:45","modified_gmt":"2025-03-07T07:37:45","slug":"aluminyum-lama","status":"publish","type":"page","link":"https:\/\/www.arialuminyum.com.tr\/index.php\/aluminyum-lama\/","title":{"rendered":"Al\u00fcminyum Lama"},"content":{"rendered":"\t\t<div data-elementor-type=\"wp-page\" data-elementor-id=\"19934\" class=\"elementor elementor-19934\" data-elementor-post-type=\"page\">\n\t\t\t\t<div class=\"elementor-element elementor-element-7a743fa e-flex e-con-boxed tm-col-stretched-none tm-bg-color-over-image e-con e-parent\" data-id=\"7a743fa\" data-element_type=\"container\" data-e-type=\"container\">\n\t\t\t\t\t<div class=\"e-con-inner\">\n\t\t<div class=\"elementor-element elementor-element-0d69953 e-flex e-con-boxed tm-col-stretched-none tm-bg-color-over-image e-con e-child\" data-id=\"0d69953\" data-element_type=\"container\" data-e-type=\"container\">\n\t\t\t\t\t<div class=\"e-con-inner\">\n\t\t<div class=\"elementor-element elementor-element-141106c e-con-full e-flex tm-col-stretched-none tm-bg-color-over-image e-con e-child\" data-id=\"141106c\" data-element_type=\"container\" data-e-type=\"container\">\n\t\t\t\t<div class=\"elementor-element elementor-element-f17a0fd elementor-widget elementor-widget-tm-ele-navigation-menu\" data-id=\"f17a0fd\" data-element_type=\"widget\" data-e-type=\"widget\" data-widget_type=\"tm-ele-navigation-menu.default\">\n\t\t\t\t<div class=\"elementor-widget-container\">\n\t\t\t\t\t<div class=\"tm-sc-simple-nav-menu\"><ul id=\"menu-sol-menu\" class=\"\"><li id=\"menu-item-19915\" class=\"menu-item menu-item-type-post_type menu-item-object-page menu-item-19915\"><a href=\"https:\/\/www.arialuminyum.com.tr\/index.php\/aluminyum-levha-2\/\"><i class=\"tm-nav-arrow-icon fas fa-chevron-right\"><\/i>Al\u00fcminyum Levha<\/a><\/li>\n<li id=\"menu-item-19943\" class=\"menu-item menu-item-type-post_type menu-item-object-page menu-item-19943\"><a href=\"https:\/\/www.arialuminyum.com.tr\/index.php\/aluminyum-lama\/\"><i class=\"tm-nav-arrow-icon fas fa-chevron-right\"><\/i>Al\u00fcminyum Lama<\/a><\/li>\n<li id=\"menu-item-19974\" class=\"menu-item menu-item-type-post_type menu-item-object-page menu-item-19974\"><a href=\"https:\/\/www.arialuminyum.com.tr\/index.php\/aluminyum-kosebent\/\"><i class=\"tm-nav-arrow-icon fas fa-chevron-right\"><\/i>Al\u00fcminyum K\u00f6\u015febent<\/a><\/li>\n<li id=\"menu-item-19985\" class=\"menu-item menu-item-type-post_type menu-item-object-page menu-item-19985\"><a href=\"https:\/\/www.arialuminyum.com.tr\/index.php\/aluminyum-u-profil\/\"><i class=\"tm-nav-arrow-icon fas fa-chevron-right\"><\/i>Al\u00fcminyum U Profil<\/a><\/li>\n<li id=\"menu-item-19986\" class=\"menu-item menu-item-type-post_type menu-item-object-page menu-item-19986\"><a href=\"https:\/\/www.arialuminyum.com.tr\/index.php\/aluminyum-t-profil\/\"><i class=\"tm-nav-arrow-icon fas fa-chevron-right\"><\/i>Al\u00fcminyum T Profil<\/a><\/li>\n<li id=\"menu-item-19987\" class=\"menu-item menu-item-type-post_type menu-item-object-page menu-item-19987\"><a href=\"https:\/\/www.arialuminyum.com.tr\/index.php\/aluminyum-kare-kutu-profil\/\"><i class=\"tm-nav-arrow-icon fas fa-chevron-right\"><\/i>Al\u00fcminyum Kare Kutu Profil<\/a><\/li>\n<li id=\"menu-item-19988\" class=\"menu-item menu-item-type-post_type menu-item-object-page menu-item-19988\"><a href=\"https:\/\/www.arialuminyum.com.tr\/index.php\/aluminyum-cubuk\/\"><i class=\"tm-nav-arrow-icon fas fa-chevron-right\"><\/i>Al\u00fcminyum \u00c7ubuk<\/a><\/li>\n<li id=\"menu-item-19989\" class=\"menu-item menu-item-type-post_type menu-item-object-page menu-item-19989\"><a href=\"https:\/\/www.arialuminyum.com.tr\/index.php\/aluminyum-kosebent\/\"><i class=\"tm-nav-arrow-icon fas fa-chevron-right\"><\/i>Al\u00fcminyum K\u00f6\u015febent<\/a><\/li>\n<li id=\"menu-item-19990\" class=\"menu-item menu-item-type-post_type menu-item-object-page menu-item-19990\"><a href=\"https:\/\/www.arialuminyum.com.tr\/index.php\/aluminyum-boru-profil\/\"><i class=\"tm-nav-arrow-icon fas fa-chevron-right\"><\/i>Al\u00fcminyum Boru Profil<\/a><\/li>\n<\/ul><\/div>\t\t\t\t<\/div>\n\t\t\t\t<\/div>\n\t\t<div class=\"elementor-element elementor-element-8abf5ad e-con-full tm-col-stretched-none e-flex tm-bg-color-over-image e-con e-child\" data-id=\"8abf5ad\" data-element_type=\"container\" data-e-type=\"container\">\n\t\t\t\t<\/div>\n\t\t\t\t<\/div>\n\t\t<div class=\"elementor-element elementor-element-16b8ef9 tm-col-stretched-none e-con-full e-flex tm-bg-color-over-image e-con e-child\" data-id=\"16b8ef9\" data-element_type=\"container\" data-e-type=\"container\">\n\t\t\t\t<div class=\"elementor-element elementor-element-473acef elementor-widget elementor-widget-tm-ele-text-editor\" data-id=\"473acef\" data-element_type=\"widget\" data-e-type=\"widget\" data-widget_type=\"tm-ele-text-editor.default\">\n\t\t\t\t<div class=\"elementor-widget-container\">\n\t\t\t\t\t\t\t<div class=\"tm-text-editor\">\r\n\t\t<p>Al\u00fcminyum Lama, binalarda kullan\u0131lan yapay metal ile olu\u015fumu sa\u011flanm\u0131\u015f yap\u0131lard\u0131r. Bu yap\u0131lar\u0131 hemen hemen her t\u00fcrl\u00fc binalar i\u00e7in kullan\u0131labilir. Bir\u00e7o\u011fumuzun g\u00f6rd\u00fc\u011f\u00fc ama ismini bilmedi\u011fimiz bu yap\u0131lar gayet \u00f6nemli yap\u0131lard\u0131r.<br \/>G\u00fcn\u00fcm\u00fczde yap\u0131 ve yap\u0131m i\u015flemleri geli\u015fmesi ile bu olgulara \u00e7ok ihtiya\u00e7 duyulmaktad\u0131r. Bu ihtiya\u00e7lar\u0131n kar\u015f\u0131lanmas\u0131 a\u00e7\u0131s\u0131ndan kalite, i\u015fg\u00fcc\u00fc ve maliyet \u00f6nemli etkenlerdendir.Tam da bu noktada Al\u00fcminyum Lama devreye girmektedir.<\/p><p>Al\u00fcminyum Lama, kullan\u0131m alan\u0131nda da \u00e7ok kolayl\u0131k g\u00f6stermektedir. Her t\u00fcrl\u00fc \u00e7elik konstr\u00fcksiyonlar\u0131n olu\u015fturulmas\u0131nda olumlu kullan\u0131m sa\u011flamakta. \u00c7ok veya az katl\u0131 binalar\u0131n dayan\u0131kl\u0131l\u0131\u011f\u0131 ve a\u011f\u0131rl\u0131k yapmama gibi olumluluklar g\u00f6stermektedir.<\/p>\t\t<\/div>\r\n\t\t\t\t\t<\/div>\n\t\t\t\t<\/div>\n\t\t<div class=\"elementor-element elementor-element-42121ef e-flex e-con-boxed tm-col-stretched-none tm-bg-color-over-image e-con e-child\" data-id=\"42121ef\" data-element_type=\"container\" data-e-type=\"container\">\n\t\t\t\t\t<div class=\"e-con-inner\">\n\t\t\t\t<div class=\"elementor-element elementor-element-81a3594 elementor-widget elementor-widget-shortcode\" data-id=\"81a3594\" data-element_type=\"widget\" data-e-type=\"widget\" data-widget_type=\"shortcode.default\">\n\t\t\t\t<div class=\"elementor-widget-container\">\n\t\t\t\t\t\t\t<div class=\"elementor-shortcode\">\n<table id=\"tablepress-1\" class=\"tablepress tablepress-id-1\">\n<thead>\n<tr class=\"row-1\">\n\t<th class=\"column-1\">Kal\u0131nl\u0131k (mm) \/ Boyut (mm)\t<\/th><th class=\"column-2\">1000*1000\t<\/th><th class=\"column-3\">1000*2000\t<\/th><th class=\"column-4\">1000*3000\t<\/th><th class=\"column-5\">1200*2400\t<\/th><th class=\"column-6\">1200*3000\t<\/th><th class=\"column-7\">1500*3000<br \/>\n<\/th>\n<\/tr>\n<\/thead>\n<tbody class=\"row-striping row-hover\">\n<tr class=\"row-2\">\n\t<td class=\"column-1\">0,20<\/td><td class=\"column-2\">0,542<\/td><td class=\"column-3\">1,,084<\/td><td class=\"column-4\">1,626<\/td><td class=\"column-5\">1,561<\/td><td class=\"column-6\">1.951<\/td><td class=\"column-7\">2,439<\/td>\n<\/tr>\n<tr class=\"row-3\">\n\t<td class=\"column-1\">0,30<\/td><td class=\"column-2\">0,813<\/td><td class=\"column-3\">1,626<\/td><td class=\"column-4\">2,439<\/td><td class=\"column-5\">2,341<\/td><td class=\"column-6\">2,927<\/td><td class=\"column-7\">3,659<\/td>\n<\/tr>\n<tr class=\"row-4\">\n\t<td class=\"column-1\">0,40<\/td><td class=\"column-2\">1,084<\/td><td class=\"column-3\">2,168<\/td><td class=\"column-4\">3,252<\/td><td class=\"column-5\">3,122<\/td><td class=\"column-6\">3,902<\/td><td class=\"column-7\">4,878<\/td>\n<\/tr>\n<tr class=\"row-5\">\n\t<td class=\"column-1\">0,50<\/td><td class=\"column-2\">1,355<\/td><td class=\"column-3\">2,710<\/td><td class=\"column-4\">4,065<\/td><td class=\"column-5\">3,902<\/td><td class=\"column-6\">4,878<\/td><td class=\"column-7\">6,098<\/td>\n<\/tr>\n<tr class=\"row-6\">\n\t<td class=\"column-1\">0,60<\/td><td class=\"column-2\">1,626<\/td><td class=\"column-3\">3,252<\/td><td class=\"column-4\">4,878<\/td><td class=\"column-5\">4,683<\/td><td class=\"column-6\">5,854<\/td><td class=\"column-7\">7,317<\/td>\n<\/tr>\n<tr class=\"row-7\">\n\t<td class=\"column-1\">0,70<\/td><td class=\"column-2\">1,897<\/td><td class=\"column-3\">4,065<\/td><td class=\"column-4\">5,691<\/td><td class=\"column-5\">5,463<\/td><td class=\"column-6\">6,829<\/td><td class=\"column-7\">8,537<\/td>\n<\/tr>\n<tr class=\"row-8\">\n\t<td class=\"column-1\">0,80<\/td><td class=\"column-2\">2,168<\/td><td class=\"column-3\">4,878<\/td><td class=\"column-4\">6,504<\/td><td class=\"column-5\">6,244<\/td><td class=\"column-6\">7,805<\/td><td class=\"column-7\">9,756<\/td>\n<\/tr>\n<tr class=\"row-9\">\n\t<td class=\"column-1\">1,00<\/td><td class=\"column-2\">2,710<\/td><td class=\"column-3\">5,691<\/td><td class=\"column-4\">8,130<\/td><td class=\"column-5\">7,805<\/td><td class=\"column-6\">9,756<\/td><td class=\"column-7\">12,195<\/td>\n<\/tr>\n<tr class=\"row-10\">\n\t<td class=\"column-1\">1,20<\/td><td class=\"column-2\">3,240<\/td><td class=\"column-3\">6,504<\/td><td class=\"column-4\">9,720<\/td><td class=\"column-5\">9,366<\/td><td class=\"column-6\">11,707<\/td><td class=\"column-7\">14,634<\/td>\n<\/tr>\n<tr class=\"row-11\">\n\t<td class=\"column-1\">1,50<\/td><td class=\"column-2\">4,065<\/td><td class=\"column-3\">8,130<\/td><td class=\"column-4\">12,195<\/td><td class=\"column-5\">11,707<\/td><td class=\"column-6\">14,634<\/td><td class=\"column-7\">18,293<\/td>\n<\/tr>\n<tr class=\"row-12\">\n\t<td class=\"column-1\">2,00<\/td><td class=\"column-2\">5,420<\/td><td class=\"column-3\">9,720<\/td><td class=\"column-4\">16,260<\/td><td class=\"column-5\">15,610<\/td><td class=\"column-6\">19,512<\/td><td class=\"column-7\">24,390<\/td>\n<\/tr>\n<tr class=\"row-13\">\n\t<td class=\"column-1\">2,50<\/td><td class=\"column-2\">6,775<\/td><td class=\"column-3\">12,195<\/td><td class=\"column-4\">20,325<\/td><td class=\"column-5\">19,512<\/td><td class=\"column-6\">42,390<\/td><td class=\"column-7\">30,488<\/td>\n<\/tr>\n<tr class=\"row-14\">\n\t<td class=\"column-1\">3,00<\/td><td class=\"column-2\">8,130<\/td><td class=\"column-3\">16,260<\/td><td class=\"column-4\">24,390<\/td><td class=\"column-5\">23,414<\/td><td class=\"column-6\">29,682<\/td><td class=\"column-7\">36,585<\/td>\n<\/tr>\n<tr class=\"row-15\">\n\t<td class=\"column-1\">4,00<\/td><td class=\"column-2\">10,840<\/td><td class=\"column-3\">20,325<\/td><td class=\"column-4\">32,520<\/td><td class=\"column-5\">31,219<\/td><td class=\"column-6\">39,024<\/td><td class=\"column-7\">48,780<\/td>\n<\/tr>\n<tr class=\"row-16\">\n\t<td class=\"column-1\">5,00<\/td><td class=\"column-2\">13,550<\/td><td class=\"column-3\">40,650<\/td><td class=\"column-4\">40,650<\/td><td class=\"column-5\">39,024<\/td><td class=\"column-6\">48,780<\/td><td class=\"column-7\">60,975<\/td>\n<\/tr>\n<tr class=\"row-17\">\n\t<td class=\"column-1\">6,00<\/td><td class=\"column-2\">16,260<\/td><td class=\"column-3\">48,780<\/td><td class=\"column-4\">48,780<\/td><td class=\"column-5\">46,829<\/td><td class=\"column-6\">58,536<\/td><td class=\"column-7\">73,170<\/td>\n<\/tr>\n<\/tbody>\n<\/table>\n<!-- #tablepress-1 from cache --><\/div>\n\t\t\t\t\t\t<\/div>\n\t\t\t\t<\/div>\n\t\t\t\t\t<\/div>\n\t\t\t\t<\/div>\n\t\t\t\t<\/div>\n\t\t\t\t\t<\/div>\n\t\t\t\t<\/div>\n\t\t\t\t\t<\/div>\n\t\t\t\t<\/div>\n\t\t\t\t<\/div>\n\t\t","protected":false},"excerpt":{"rendered":"<p>Al\u00fcminyum Levha Al\u00fcminyum Lama Al\u00fcminyum Lama, binalarda kullan\u0131lan yapay metal ile olu\u015fumu sa\u011flanm\u0131\u015f yap\u0131lard\u0131r. Bu yap\u0131lar\u0131 hemen hemen her t\u00fcrl\u00fc&#8230;<\/p>\n","protected":false},"author":1,"featured_media":0,"parent":0,"menu_order":0,"comment_status":"closed","ping_status":"closed","template":"","meta":{"footnotes":""},"class_list":["post-19934","page","type-page","status-publish","hentry"],"_links":{"self":[{"href":"https:\/\/www.arialuminyum.com.tr\/index.php\/wp-json\/wp\/v2\/pages\/19934","targetHints":{"allow":["GET"]}}],"collection":[{"href":"https:\/\/www.arialuminyum.com.tr\/index.php\/wp-json\/wp\/v2\/pages"}],"about":[{"href":"https:\/\/www.arialuminyum.com.tr\/index.php\/wp-json\/wp\/v2\/types\/page"}],"author":[{"embeddable":true,"href":"https:\/\/www.arialuminyum.com.tr\/index.php\/wp-json\/wp\/v2\/users\/1"}],"replies":[{"embeddable":true,"href":"https:\/\/www.arialuminyum.com.tr\/index.php\/wp-json\/wp\/v2\/comments?post=19934"}],"version-history":[{"count":10,"href":"https:\/\/www.arialuminyum.com.tr\/index.php\/wp-json\/wp\/v2\/pages\/19934\/revisions"}],"predecessor-version":[{"id":19953,"href":"https:\/\/www.arialuminyum.com.tr\/index.php\/wp-json\/wp\/v2\/pages\/19934\/revisions\/19953"}],"wp:attachment":[{"href":"https:\/\/www.arialuminyum.com.tr\/index.php\/wp-json\/wp\/v2\/media?parent=19934"}],"curies":[{"name":"wp","href":"https:\/\/api.w.org\/{rel}","templated":true}]}}